{"id":350,"date":"2017-01-15T15:27:40","date_gmt":"2017-01-15T13:27:40","guid":{"rendered":"http:\/\/angeln-in-brome.de\/navblog\/?page_id=350"},"modified":"2022-10-29T02:24:33","modified_gmt":"2022-10-29T00:24:33","slug":"willkommen","status":"publish","type":"page","link":"https:\/\/angeln-in-brome.de\/","title":{"rendered":"Willkommen"},"content":{"rendered":"<div id=\"pl-350\"  class=\"panel-layout\" ><div id=\"pg-350-0\"  class=\"panel-grid panel-no-style\" ><div id=\"pgc-350-0-0\"  class=\"panel-grid-cell\" ><style>\n\t<\/style>\n\n\t\n\t<style>\n.news_wrapper {\n\t\tbackground: #FFF;\n\t\tborder-radius: 1px;\n\t\t-moz-border-radius: 1px;\n\t\t-webkit-border-radius: 1px;\n\t\tbox-shadow: 0px 1px 3px 0 #B5B5B5;\n\t\t-moz-box-shadow: 0px 1px 3px 0 #b5b5b5;\n\t\t-webkit-box-shadow: 0px 1px 3px 0 #B5B5B5;\n\t\twidth:95%;\n\t\theight:32px;\n\t\tmargin:-5px auto 25px;\n\t\toverflow:hidden;\n\t\tposition:relative;\t\n\t\t}\n\t.news_wrapper .span-name {\n\t\tcolor: #FFFFFF;\n\t\tbackground-color: #CE0000;\n\t\tfloat:left;\n\t\tpadding:5px 10px 2px;\n\t\tfont-family: Tahoma,arial,Georgia, serif;\n\t\tfont-size:14pt;\n\t\tfont-weight: bold;\n\t\tmargin-right: 10px;\n\t\t-moz-box-shadow: 0px 1px 3px 0 #b5b5b5;\n\t\t-webkit-box-shadow: 0px 1px 3px 0 #B5B5B5;\n\t\theight:32px;\n\t}\n\t#scroll-h {\n\t\theight: 30px;\n\t}\n\t#scroll-h div {\n\t\tpadding-top: 3px;\n\t\tmargin-right: 10px;\n\t}\n\t#scroll-h a {\n\t\tcolor: #111!important;\n\t\ttext-decoration: none!important;\n\t}\n\t#scroll-h a:hover {\n\t\tcolor: #444!important;\n\t\ttext-decoration: none!important;\n\t\t}\n<\/style>\n\t\t\t\t  <div class=\"news_wrapper\">\n       <span class=\"span-name\">News<\/span>\n        <div id=\"scroll-h\">\n         <div>\n\t\t\t      \t\t\t\t\t\t\t\t\t\t\t\t\t\t\t\t\t\t\t\t\t\t\t\t<a href=\"https:\/\/angeln-in-brome.de\/?p=2453\" title=\"***Arbeitseinsatz am 14.2., 9.00 Uhr in Croya 2 *** Mitgliederversammlung am 28.2., 16.00 Uhr in Brome ***\">***Arbeitseinsatz am 14.2., 9.00 Uhr in Croya 2 *** Mitgliederversammlung am 28.2., 16.00 Uhr in Brome ***<\/a>&nbsp;&nbsp;&nbsp;&nbsp;&nbsp;&nbsp;&nbsp;&nbsp;\t\t\t\t\t\t\t\t\t\t\t                   <\/div>\n        <\/div>\n      <\/div>\n      <script type=\"text\/javascript\">\n\t\t\t\t\t\tdivScroller(\"scroll-h\", \"h\", 10, 6000);\n\t\t \t\t\t<\/script>\n\t\n\n<div id=\"panel-350-0-0-0\" class=\"so-panel widget widget_shortcode-widget shortcode_widget panel-first-child panel-last-child\" data-index=\"0\" >\t\t\t\t\t\t<div class=\"textwidget\"><\/div>\n\t\t\t<\/div><\/div><\/div><div id=\"pg-350-1\"  class=\"panel-grid panel-has-style\" ><div class=\"panel-row-style panel-row-style-for-350-1\" ><div id=\"pgc-350-1-0\"  class=\"panel-grid-cell\" ><div id=\"panel-350-1-0-0\" class=\"so-panel widget widget_sow-editor panel-first-child panel-last-child\" data-index=\"1\" ><div\n\t\t\t\n\t\t\tclass=\"so-widget-sow-editor so-widget-sow-editor-base\"\n\t\t\t\n\t\t>\n<div class=\"siteorigin-widget-tinymce textwidget\">\n\t<p><span style=\"font-size: 24pt;\">\u00a0 \u00a0 \u00a0<span style=\"font-size: 18pt;\">Herzlich Willkommen...<\/span><\/span><\/p>\n<\/div>\n<\/div><\/div><\/div><\/div><\/div><div id=\"pg-350-2\"  class=\"panel-grid panel-no-style\" ><div id=\"pgc-350-2-0\"  class=\"panel-grid-cell\" ><div id=\"panel-350-2-0-0\" class=\"widget_text so-panel widget widget_custom_html panel-first-child\" data-index=\"2\" ><div class=\"textwidget custom-html-widget\"><div class=\"img-hover-zoom\">\n<img src=\"https:\/\/angeln-in-brome.de\/wp-content\/uploads\/2020\/06\/panorama_1900x924-595x289.jpg\" alt=\"This zooms-in really well and smooth\">\n<\/div>\n<style>\n.img-hover-zoom {\n  \/*height: 800px;  [1.1] Set it as per your need *\/\n  overflow: visible; \/* [1.2] Hide the overflowing of child elements *\/\n}\n\/* [2] Transition property for smooth transformation of images *\/\n.img-hover-zoom img {\n  transition: transform .5s ease;\n}\n\n\/* [3] Finally, transforming the image when container gets hovered *\/\n.img-hover-zoom:hover img {\n  transform: scale(1.5);\n}\n\/* Point-zoom Container *\/\n.img-hover-zoom--point-zoom img {\n  transform-origin: 65% 75%;\n  transition: transform 1s, filter .5s ease-out;\n}\n\n\/* The Transformation *\/\n.img-hover-zoom--point-zoom:hover img {\n  transform: scale(5);\n}\n<\/style><\/div><\/div><div id=\"panel-350-2-0-1\" class=\"so-panel widget widget_sow-editor panel-last-child\" data-index=\"3\" ><div class=\"panel-widget-style panel-widget-style-for-350-2-0-1\" ><div\n\t\t\t\n\t\t\tclass=\"so-widget-sow-editor so-widget-sow-editor-base\"\n\t\t\t\n\t\t><h3 class=\"widget-title\">Verein &amp; Jugendgruppe<\/h3>\n<div class=\"siteorigin-widget-tinymce textwidget\">\n\t<p><span style=\"font-size: 12pt;\">Unser Verein wurde 1978 gegr\u00fcndet ..<\/span><\/p>\n<p><span style=\"font-size: 12pt;\">Wir\u00a0 haben mittlerweile ca. 200 Mitglieder und eine aktive Jugendgruppe.<\/span><\/p>\n<p><span style=\"font-size: 12pt;\">..angeln , zusammen sein , aktiv sein.<\/span><br \/>\n<span style=\"font-size: 12pt;\">Wir angeln ,<\/span><span style=\"font-size: 12pt;\">betreiben Gew\u00e4sserschutz und haben immer wieder verschiedene Projekte,<\/span><br \/>\n<span style=\"font-size: 12pt;\">die wir gemeinsam planen und umsetzen.<\/span><\/p>\n<\/div>\n<\/div><\/div><\/div><\/div><div id=\"pgc-350-2-1\"  class=\"panel-grid-cell\" ><div id=\"panel-350-2-1-0\" class=\"widget_text so-panel widget widget_custom_html panel-first-child\" data-index=\"4\" ><div class=\"textwidget custom-html-widget\"><div class=\"img-hover-zoom\">\n<img src=\"https:\/\/angeln-in-brome.de\/wp-content\/uploads\/2020\/06\/ocean01-e1593170272432-595x289.jpg\" alt=\"This zooms-in really well and smooth\">\n<\/div>\n<style>\n\n\/* [2] Transition property for smooth transformation of images *\/\n.img-hover-zoom img {\n  transition: transform .5s ease;\n}\n\n\/* [3] Finally, transforming the image when container gets hovered *\/\n.img-hover-zoom:hover img {\n  transform: scale(1.5);\n}\n\/* Point-zoom Container *\/\n.img-hover-zoom--point-zoom img {\n  transform-origin: 65% 75%;\n  transition: transform 1s, filter .5s ease-out;\n}\n\n\/* The Transformation *\/\n.img-hover-zoom--point-zoom:hover img {\n  transform: scale(5);\n}\n<\/style><\/div><\/div><div id=\"panel-350-2-1-1\" class=\"so-panel widget widget_sow-editor panel-last-child\" data-index=\"5\" ><div class=\"panel-widget-style panel-widget-style-for-350-2-1-1\" ><div\n\t\t\t\n\t\t\tclass=\"so-widget-sow-editor so-widget-sow-editor-base\"\n\t\t\t\n\t\t><h3 class=\"widget-title\">Gew\u00e4sser im Park<\/h3>\n<div class=\"siteorigin-widget-tinymce textwidget\">\n\t<p><span style=\"font-size: 12pt;\">Der gro\u00dfe und kleine Ohresee in Brome sowie die M\u00fchlenteiche mit einer Gesamtfl\u00e4che von ca. 5 ha sowie Teilst\u00fccke der Ohre sind unsere Pachtgew\u00e4sser. <\/span><\/p>\n<p><span style=\"font-size: 12pt;\">Hecht, Barsch, Karpfen, Schleie, Aal, Zander und diverse Wei\u00dffischarten sind hier der Fischbestand.<\/span><\/p>\n<p>&nbsp;<\/p>\n<\/div>\n<\/div><\/div><\/div><\/div><div id=\"pgc-350-2-2\"  class=\"panel-grid-cell\" ><div id=\"panel-350-2-2-0\" class=\"widget_text so-panel widget widget_custom_html panel-first-child\" data-index=\"6\" ><div class=\"textwidget custom-html-widget\"><div class=\"img-hover-zoom\">\n<img src=\"https:\/\/angeln-in-brome.de\/wp-content\/uploads\/2020\/06\/froesche_1900-595x289.jpg\" alt=\"This zooms-in really well and smooth\">\n<\/div>\n<style>\n\n\/* [2] Transition property for smooth transformation of images *\/\n.img-hover-zoom img {\n  transition: transform .5s ease;\n}\n\n\/* [3] Finally, transforming the image when container gets hovered *\/\n.img-hover-zoom:hover img {\n  transform: scale(1.5);\n}\n\/* Point-zoom Container *\/\n.img-hover-zoom--point-zoom img {\n  transform-origin: 65% 75%;\n  transition: transform 1s, filter .5s ease-out;\n}\n\n\/* The Transformation *\/\n.img-hover-zoom--point-zoom:hover img {\n  transform: scale(5);\n}\n<\/style><\/div><\/div><div id=\"panel-350-2-2-1\" class=\"so-panel widget widget_sow-editor panel-last-child\" data-index=\"7\" ><div class=\"panel-widget-style panel-widget-style-for-350-2-2-1\" ><div\n\t\t\t\n\t\t\tclass=\"so-widget-sow-editor so-widget-sow-editor-base\"\n\t\t\t\n\t\t><h3 class=\"widget-title\">Kiesgew\u00e4sser ..<\/h3>\n<div class=\"siteorigin-widget-tinymce textwidget\">\n\t<p>Zwei weitere Kiesgew\u00e4sser in Croya mit einer Fl\u00e4che von insgesamt ca. 8 ha befinden sich in unserem Besitz.<\/p>\n<p>Hier haben sich Forelle, Saibling, Barsch, Karpfen, Schleie, Aal, Zander und Wei\u00dffisch etabliert.<\/p>\n<\/div>\n<\/div><\/div><\/div><\/div><\/div><div id=\"pg-350-3\"  class=\"panel-grid panel-has-style\" ><div class=\"panel-row-style panel-row-style-for-350-3\" ><div id=\"pgc-350-3-0\"  class=\"panel-grid-cell\" ><div id=\"panel-350-3-0-0\" class=\"so-panel widget widget_sow-editor panel-first-child panel-last-child\" data-index=\"8\" ><div class=\"panel-widget-style panel-widget-style-for-350-3-0-0\" ><div\n\t\t\t\n\t\t\tclass=\"so-widget-sow-editor so-widget-sow-editor-base\"\n\t\t\t\n\t\t>\n<div class=\"siteorigin-widget-tinymce textwidget\">\n\t<p><span style=\"font-size: 12pt;\">Wir setzen uns f\u00fcr den Erhalt und die Pflege der Naturbereiche unserer Gew\u00e4sser einschlie\u00dflich der Hege und Pflege unseres Fischbestandes ein und Arbeiten in allen Fragen zum Gew\u00e4sser-, Umwelt-, Landschafts- und Naturschutz mit.<\/span><\/p>\n<p><span style=\"font-size: 12pt;\">Besonders zu erw\u00e4hnen sind hier der Bau einer Fischtreppe in Brome zur Schaffung der Durchg\u00e4ngigkeit der Ohre, die Mitarbeit bei der Schaffung eines Naturerlebnispfades in Brome, die Begleitung von Konzepten zur Erhaltung der Wasserqualit\u00e4t in Bromer Gew\u00e4ssern, die Errichtung von zwei Streuobstwiesen und die regelm\u00e4\u00dfige Pflege einer Biotopfl\u00e4che.<\/span><\/p>\n<\/div>\n<\/div><\/div><\/div><\/div><\/div><\/div><\/div>","protected":false},"excerpt":{"rendered":"<p>\u00a0 \u00a0 \u00a0Herzlich Willkommen&#8230; Verein &amp; Jugendgruppe Unser Verein wurde 1978 gegr\u00fcndet .. Wir\u00a0 haben mittlerweile ca. 200 Mitglieder und eine aktive Jugendgruppe. ..angeln , zusammen sein , aktiv sein. Wir angeln ,betreiben Gew\u00e4sserschutz und haben immer wieder verschiedene Projekte, die wir gemeinsam planen und umsetzen. Gew\u00e4sser im Park Der gro\u00dfe und kleine Ohresee in [&hellip;]<\/p>\n","protected":false},"author":11,"featured_media":0,"parent":0,"menu_order":0,"comment_status":"closed","ping_status":"open","template":"","meta":[],"_links":{"self":[{"href":"https:\/\/angeln-in-brome.de\/index.php?rest_route=\/wp\/v2\/pages\/350"}],"collection":[{"href":"https:\/\/angeln-in-brome.de\/index.php?rest_route=\/wp\/v2\/pages"}],"about":[{"href":"https:\/\/angeln-in-brome.de\/index.php?rest_route=\/wp\/v2\/types\/page"}],"author":[{"embeddable":true,"href":"https:\/\/angeln-in-brome.de\/index.php?rest_route=\/wp\/v2\/users\/11"}],"replies":[{"embeddable":true,"href":"https:\/\/angeln-in-brome.de\/index.php?rest_route=%2Fwp%2Fv2%2Fcomments&post=350"}],"version-history":[{"count":286,"href":"https:\/\/angeln-in-brome.de\/index.php?rest_route=\/wp\/v2\/pages\/350\/revisions"}],"predecessor-version":[{"id":2617,"href":"https:\/\/angeln-in-brome.de\/index.php?rest_route=\/wp\/v2\/pages\/350\/revisions\/2617"}],"wp:attachment":[{"href":"https:\/\/angeln-in-brome.de\/index.php?rest_route=%2Fwp%2Fv2%2Fmedia&parent=350"}],"curies":[{"name":"wp","href":"https:\/\/api.w.org\/{rel}","templated":true}]}}