{"id":399,"date":"2017-01-16T13:04:12","date_gmt":"2017-01-16T12:04:12","guid":{"rendered":"http:\/\/angeln-in-brome.de\/navblog\/?page_id=399"},"modified":"2023-01-15T14:07:22","modified_gmt":"2023-01-15T13:07:22","slug":"kontakt","status":"publish","type":"page","link":"https:\/\/angeln-in-brome.de\/?page_id=399","title":{"rendered":"Kontakt"},"content":{"rendered":"<div id=\"pl-399\"  class=\"panel-layout\" ><div id=\"pg-399-0\"  class=\"panel-grid panel-no-style\" ><div id=\"pgc-399-0-0\"  class=\"panel-grid-cell\" ><div id=\"panel-399-0-0-0\" class=\"so-panel widget widget_sow-editor panel-first-child panel-last-child\" data-index=\"0\" ><div\n\t\t\t\n\t\t\tclass=\"so-widget-sow-editor so-widget-sow-editor-base\"\n\t\t\t\n\t\t>\n<div class=\"siteorigin-widget-tinymce textwidget\">\n\t<p>&nbsp;<\/p>\n<div class=\"wpcf7 no-js\" id=\"wpcf7-f2634-o1\" lang=\"de-DE\" dir=\"ltr\">\n<div class=\"screen-reader-response\"><p role=\"status\" aria-live=\"polite\" aria-atomic=\"true\"><\/p> <ul><\/ul><\/div>\n<form action=\"\/index.php?rest_route=%2Fwp%2Fv2%2Fpages%2F399#wpcf7-f2634-o1\" method=\"post\" class=\"wpcf7-form init cf7skins cf7s-caspar wpcf7-acceptance-as-validation\" aria-label=\"Kontaktformular\" novalidate=\"novalidate\" data-status=\"init\">\n<div style=\"display: none;\">\n<input type=\"hidden\" name=\"_wpcf7\" value=\"2634\" \/>\n<input type=\"hidden\" name=\"_wpcf7_version\" value=\"5.7.2\" \/>\n<input type=\"hidden\" name=\"_wpcf7_locale\" value=\"de_DE\" \/>\n<input type=\"hidden\" name=\"_wpcf7_unit_tag\" value=\"wpcf7-f2634-o1\" \/>\n<input type=\"hidden\" name=\"_wpcf7_container_post\" value=\"0\" \/>\n<input type=\"hidden\" name=\"_wpcf7_posted_data_hash\" value=\"\" \/>\n<input type=\"hidden\" name=\"_wpcf7cf_hidden_group_fields\" value=\"[]\" \/>\n<input type=\"hidden\" name=\"_wpcf7cf_hidden_groups\" value=\"[]\" \/>\n<input type=\"hidden\" name=\"_wpcf7cf_visible_groups\" value=\"[]\" \/>\n<input type=\"hidden\" name=\"_wpcf7cf_repeaters\" value=\"[]\" \/>\n<input type=\"hidden\" name=\"_wpcf7cf_steps\" value=\"{}\" \/>\n<input type=\"hidden\" name=\"_wpcf7cf_options\" value=\"{&quot;form_id&quot;:2634,&quot;conditions&quot;:[],&quot;settings&quot;:{&quot;animation&quot;:&quot;yes&quot;,&quot;animation_intime&quot;:200,&quot;animation_outtime&quot;:200,&quot;conditions_ui&quot;:&quot;normal&quot;,&quot;notice_dismissed&quot;:false}}\" \/>\n<\/div>\n<p><img src=\"https:\/\/angeln-in-brome.de\/wp-content\/uploads\/2020\/06\/Logo_NAV_2020_90x90.png\" height=\"50\" width=\"50\" align=\"left\" \/>&nbsp;<br \/>\n&nbsp;&nbsp;<strong><span  style=\"font-size: 16pt; color: #757575;\" >&nbsp;&nbsp;&nbsp;Kontakt<\/span><\/strong>\n<\/p>\n<hr style=\"background: #c1b9ba; border: none; color: #c1b9ba; height: 1px; width: 100%; \"align=\"left\" \/>\n<p><label><span class=\"wpcf7-form-control-wrap\" data-name=\"your-name\"><input size=\"40\" class=\"wpcf7-form-control wpcf7-text wpcf7-validates-as-required\" autocomplete=\"name\" aria-required=\"true\" aria-invalid=\"false\" placeholder=\"Name*\" value=\"\" type=\"text\" name=\"your-name\" \/><\/span> <\/label><br \/>\n<label><span class=\"wpcf7-form-control-wrap\" data-name=\"Vorname\"><input size=\"40\" class=\"wpcf7-form-control wpcf7-text wpcf7-validates-as-required\" id=\"Vorname\" aria-required=\"true\" aria-invalid=\"false\" placeholder=\"Vorname*\" value=\"\" type=\"text\" name=\"Vorname\" \/><\/span><\/label><br \/>\n<label><span class=\"wpcf7-form-control-wrap\" data-name=\"your-email\"><input size=\"40\" class=\"wpcf7-form-control wpcf7-text wpcf7-email wpcf7-validates-as-required wpcf7-validates-as-email\" autocomplete=\"email\" aria-required=\"true\" aria-invalid=\"false\" placeholder=\"E-Mail-Adresse*\" value=\"\" type=\"email\" name=\"your-email\" \/><\/span> <\/label>\n<\/p>\n<hr style=\"background: #c1b9ba; border: none; color: #c1b9ba; height: 1px; width: 100%; \"align=\"left\" \/>\n<p><label><span class=\"wpcf7-form-control-wrap\" data-name=\"your-message\"><textarea cols=\"40\" rows=\"10\" class=\"wpcf7-form-control wpcf7-textarea wpcf7-validates-as-required\" id=\"your-message\" aria-required=\"true\" aria-invalid=\"false\" placeholder=\"Ihre Nachricht*\" name=\"your-message\"><\/textarea><\/span> <\/label><br \/>\n<strong><span  style=\"font-size: 9pt; color: #757575;\" >Anhang zur Nachricht ( Formate: png,jpg,docx,doc,txt und pdf max. 2 Dateien mit ges. max. 4 MB)<\/span><\/strong>\n<\/p>\n<p><span class=\"wpcf7-form-control-wrap\" data-name=\"upload-file-583\"><input size=\"40\" class=\"wpcf7-form-control wpcf7-drag-n-drop-file d-none\" aria-invalid=\"false\" type=\"file\" multiple=\"multiple\" data-name=\"upload-file-583\" data-type=\"png|jpg|docx|doc|txt|pdf\" data-limit=\"4000000\" data-min=\"1\" data-max=\"2\" data-id=\"2634\" data-version=\"free version 1.3.9.1\" accept=\".png, .jpg, .docx, .doc, .txt, .pdf\" \/><\/span>\n<\/p>\n<hr style=\"background: #c1b9ba; border: none; color: #c1b9ba; height: 1px; width: 100%; \"align=\"left\" \/>\n<p><label><span class=\"wpcf7-form-control-wrap\" data-name=\"zustimmung\"><span class=\"wpcf7-form-control wpcf7-acceptance\"><span class=\"wpcf7-list-item\"><label><input type=\"checkbox\" name=\"zustimmung\" value=\"1\" id=\"zustimmung\" aria-invalid=\"false\" \/><span class=\"wpcf7-list-item-label\"><span  style=\"font-size: 8pt; color: #686767;\" >\n* Ich habe die <a href=\"https:\/\/angeln-in-brome.de\/#popmake-701\">Datenschutzerkl\u00e4rung<\/a> zur Kenntnis genommen und akzeptiert.\nBei Ihrer Kontaktaufnahme mittels Klicken auf 'Senden' werden die von Ihnen mitgeteilten Daten (Ihre E-Mail-Adresse und Ihr Name etc.) verschl\u00fcsselt an uns \u00fcbertragen. <br>Sie werden von uns gespeichert, um Ihre Fragen zu beantworten oder Ihnen ein Angebot unterbreiten zu k\u00f6nnen(Rechtfertigungsgrund: Art. 6 Abs. 1 lit. b und lit. c DSGVO).\nDie in diesem Zusammenhang anfallenden Daten l\u00f6schen wir nachdem die Speicherung nicht mehr erforderlich ist,oder schr\u00e4nken die Verarbeitung ein, falls gesetzliche Aufbewahrungspflichten bestehen.<\/span><\/span><\/label><\/span><\/span><\/span><\/label><br \/>\n<span id=\"wpcf7-69debcc2a65e9-wrapper\" class=\"wpcf7-form-control-wrap honeypot-973-wrap\" style=\"display:none !important; visibility:hidden !important;\"><label for=\"honeypot-973\" class=\"hp-message\">Bitte lasse dieses Feld leer.<\/label><input id=\"honeypot-973\"  class=\"wpcf7-form-control wpcf7-text\" type=\"text\" name=\"honeypot-973\" value=\"\" size=\"40\" tabindex=\"-1\" autocomplete=\"new-password\" \/><\/span><br \/>\n<input class=\"wpcf7-form-control has-spinner wpcf7-submit\" type=\"submit\" value=\"Senden\" \/>\n<\/p>\n<hr style=\"background: #c1b9ba; border: none; color: #c1b9ba; height: 1px; width: 100%; \"align=\"left\" \/>\n<p><strong><span  style=\"font-size: 7pt; color: #df021b;\" >* erforderliche Eingaben<\/span><\/strong>\n<\/p><input type='hidden' class='wpcf7-pum' value='{\"closepopup\":false,\"closedelay\":0,\"openpopup\":true,\"openpopup_id\":1285}' \/><div class=\"wpcf7-response-output\" aria-hidden=\"true\"><\/div><\/form><\/div>\n<\/div>\n<\/div><\/div><\/div><\/div><\/div>","protected":false},"excerpt":{"rendered":"<p>&nbsp;<\/p>\n","protected":false},"author":11,"featured_media":0,"parent":0,"menu_order":0,"comment_status":"closed","ping_status":"closed","template":"","meta":[],"_links":{"self":[{"href":"https:\/\/angeln-in-brome.de\/index.php?rest_route=\/wp\/v2\/pages\/399"}],"collection":[{"href":"https:\/\/angeln-in-brome.de\/index.php?rest_route=\/wp\/v2\/pages"}],"about":[{"href":"https:\/\/angeln-in-brome.de\/index.php?rest_route=\/wp\/v2\/types\/page"}],"author":[{"embeddable":true,"href":"https:\/\/angeln-in-brome.de\/index.php?rest_route=\/wp\/v2\/users\/11"}],"replies":[{"embeddable":true,"href":"https:\/\/angeln-in-brome.de\/index.php?rest_route=%2Fwp%2Fv2%2Fcomments&post=399"}],"version-history":[{"count":16,"href":"https:\/\/angeln-in-brome.de\/index.php?rest_route=\/wp\/v2\/pages\/399\/revisions"}],"predecessor-version":[{"id":2650,"href":"https:\/\/angeln-in-brome.de\/index.php?rest_route=\/wp\/v2\/pages\/399\/revisions\/2650"}],"wp:attachment":[{"href":"https:\/\/angeln-in-brome.de\/index.php?rest_route=%2Fwp%2Fv2%2Fmedia&parent=399"}],"curies":[{"name":"wp","href":"https:\/\/api.w.org\/{rel}","templated":true}]}}