{"id":442,"date":"2017-01-26T20:20:06","date_gmt":"2017-01-26T19:20:06","guid":{"rendered":"http:\/\/angeln-in-brome.de\/navblog\/?page_id=442"},"modified":"2023-01-15T15:32:44","modified_gmt":"2023-01-15T14:32:44","slug":"mitgliedschaft","status":"publish","type":"page","link":"https:\/\/angeln-in-brome.de\/?page_id=442","title":{"rendered":""},"content":{"rendered":"<div id=\"pl-442\"  class=\"panel-layout\" ><div id=\"pg-442-0\"  class=\"panel-grid panel-has-style\" ><div class=\"panel-row-style panel-row-style-for-442-0\" ><div id=\"pgc-442-0-0\"  class=\"panel-grid-cell\" ><div id=\"panel-442-0-0-0\" class=\"so-panel widget widget_sow-editor panel-first-child panel-last-child\" data-index=\"0\" ><div class=\"panel-widget-style panel-widget-style-for-442-0-0-0\" ><div\n\t\t\t\n\t\t\tclass=\"so-widget-sow-editor so-widget-sow-editor-base\"\n\t\t\t\n\t\t>\n<div class=\"siteorigin-widget-tinymce textwidget\">\n\t<p style=\"padding-left: 40px;\"><span style=\"font-size: 18pt;\">Mitgliedschaft bei uns ...<\/span><\/p>\n<\/div>\n<\/div><\/div><\/div><\/div><\/div><\/div><div id=\"pg-442-1\"  class=\"panel-grid panel-has-style\" ><div class=\"panel-row-style panel-row-style-for-442-1\" ><div id=\"pgc-442-1-0\"  class=\"panel-grid-cell\" ><div id=\"panel-442-1-0-0\" class=\"so-panel widget widget_sow-editor panel-first-child panel-last-child\" data-index=\"1\" ><div class=\"panel-widget-style panel-widget-style-for-442-1-0-0\" ><div\n\t\t\t\n\t\t\tclass=\"so-widget-sow-editor so-widget-sow-editor-base\"\n\t\t\t\n\t\t>\n<div class=\"siteorigin-widget-tinymce textwidget\">\n\t<div id=\"users-contain\" class=\"ui-widget\">\n<p style=\"text-align: center;\"><em><span style=\"font-size: 14pt;\"><strong>Aufnahme - Informationen<\/strong><\/span><\/em><\/p>\n<p>Durch die Mitgliedschaft haben Sie die M\u00f6glichkeit an unseren Vereinsaktivit\u00e4ten teilzunehmen, unsere Gew\u00e4sser zu beangeln und einen Beitrag zum Natur- und Umweltschutz zu leisten.<\/p>\n<p>Falls Sie nicht am aktiven Angeln interessiert sind, k\u00f6nnen Sie dem Verein gerne als passives Mitglied beitreten und ihn so unterst\u00fctzen.<\/p>\n<p>Jugendlichen Mitgliedern wird beim betreuten Jugendangeln und einem j\u00e4hrlich stattfindenden Zeltlager das Angeln beigebracht.<\/p>\n<p>Aktive, passive und jugendliche Mitglieder k\u00f6nnen den Verein zudem tatkr\u00e4ftig bei den Arbeitseins\u00e4tzen unterst\u00fctzen. Es ist hierbei vorgesehen, dass jedes aktive und jugendliche Mitglied 8 Arbeitsstunden pro Jahr leistet.<\/p>\n<p>Weitere Informationen entnehmen Sie bitte<br \/>\ndem Aufnahmeantrag !<\/p>\n<p><span style=\"font-size: 10pt;\">Gastkarten werden zur Zeit nicht ausgegeben !<\/span><\/p>\n<\/div>\n<\/div>\n<\/div><\/div><\/div><\/div><div id=\"pgc-442-1-1\"  class=\"panel-grid-cell\" ><div id=\"panel-442-1-1-0\" class=\"so-panel widget widget_sow-editor panel-first-child panel-last-child\" data-index=\"2\" ><div class=\"panel-widget-style panel-widget-style-for-442-1-1-0\" ><div\n\t\t\t\n\t\t\tclass=\"so-widget-sow-editor so-widget-sow-editor-base\"\n\t\t\t\n\t\t>\n<div class=\"siteorigin-widget-tinymce textwidget\">\n\t<p style=\"text-align: center;\"><em><span style=\"font-size: 14pt;\"><strong>Mitgliedsbeitr\u00e4ge &amp; Mitgliedsarten<\/strong><\/span><\/em><\/p>\n<ul style=\"list-style-type: circle;\">\n<li>aktives Mitglied - 90 \u20ac (zzgl. 8 Arbeitsstunden)<\/li>\n<li>passives Mitglied - \u00a0ab 30 \u20ac<\/li>\n<li>aktive Jugendliche - \u00a045 \u20ac (zzgl. 8 Arbeitsstunden)<\/li>\n<\/ul>\n<p style=\"text-align: left; padding-left: 40px;\">Einmalige Aufnahmegeb\u00fchr f\u00fcr neue <strong>aktive!<\/strong> Mitglieder: 200,00\u20ac<\/p>\n<hr \/>\n<p style=\"text-align: center;\"><a href=\"https:\/\/angeln-in-brome.de\/?page_id=399\"><img decoding=\"async\" loading=\"lazy\" class=\"popmake-740 alignnone wp-image-2516\" src=\"https:\/\/angeln-in-brome.de\/wp-content\/uploads\/2021\/07\/PicUp2.png\" alt=\"\" width=\"73\" height=\"96\" \/><\/a>\u00a0 \u00a0 \u00a0 \u00a0 \u00a0 \u00a0 <a href=\"https:\/\/angeln-in-brome.de\/files\/data\/navformular.pdf\" target=\"_blank\" rel=\"noopener\"><img decoding=\"async\" loading=\"lazy\" class=\"alignnone wp-image-2517 size-full\" style=\"color: #333333; text-align: start;\" src=\"https:\/\/angeln-in-brome.de\/wp-content\/uploads\/2021\/07\/antragDown2.png\" alt=\"\" width=\"68\" height=\"96\" \/><\/a><\/p>\n<p style=\"text-align: center;\"><span style=\"color: #999999;\"><span style=\"font-size: 8pt;\">\u00a0 \u00a0 <em>Passfoto<\/em><\/span><em><span style=\"font-size: 8pt;\"> uploaden\u00a0 \u00a0 \u00a0 \u00a0 \u00a0 Antrag downloaden<\/span><\/em><\/span><\/p>\n<\/div>\n<\/div><\/div><\/div><\/div><\/div><\/div><\/div>","protected":false},"excerpt":{"rendered":"<p>Mitgliedschaft bei uns &#8230; Aufnahme &#8211; Informationen Durch die Mitgliedschaft haben Sie die M\u00f6glichkeit an unseren Vereinsaktivit\u00e4ten teilzunehmen, unsere Gew\u00e4sser zu beangeln und einen Beitrag zum Natur- und Umweltschutz zu leisten. Falls Sie nicht am aktiven Angeln interessiert sind, k\u00f6nnen Sie dem Verein gerne als passives Mitglied beitreten und ihn so unterst\u00fctzen. Jugendlichen Mitgliedern wird [&hellip;]<\/p>\n","protected":false},"author":11,"featured_media":0,"parent":0,"menu_order":0,"comment_status":"closed","ping_status":"closed","template":"","meta":[],"_links":{"self":[{"href":"https:\/\/angeln-in-brome.de\/index.php?rest_route=\/wp\/v2\/pages\/442"}],"collection":[{"href":"https:\/\/angeln-in-brome.de\/index.php?rest_route=\/wp\/v2\/pages"}],"about":[{"href":"https:\/\/angeln-in-brome.de\/index.php?rest_route=\/wp\/v2\/types\/page"}],"author":[{"embeddable":true,"href":"https:\/\/angeln-in-brome.de\/index.php?rest_route=\/wp\/v2\/users\/11"}],"replies":[{"embeddable":true,"href":"https:\/\/angeln-in-brome.de\/index.php?rest_route=%2Fwp%2Fv2%2Fcomments&post=442"}],"version-history":[{"count":353,"href":"https:\/\/angeln-in-brome.de\/index.php?rest_route=\/wp\/v2\/pages\/442\/revisions"}],"predecessor-version":[{"id":2674,"href":"https:\/\/angeln-in-brome.de\/index.php?rest_route=\/wp\/v2\/pages\/442\/revisions\/2674"}],"wp:attachment":[{"href":"https:\/\/angeln-in-brome.de\/index.php?rest_route=%2Fwp%2Fv2%2Fmedia&parent=442"}],"curies":[{"name":"wp","href":"https:\/\/api.w.org\/{rel}","templated":true}]}}